{"id":13,"date":"2023-04-04T16:58:15","date_gmt":"2023-04-04T14:58:15","guid":{"rendered":"https:\/\/www.lessmeister.de\/?page_id=13"},"modified":"2023-06-10T21:51:58","modified_gmt":"2023-06-10T19:51:58","slug":"kontakt","status":"publish","type":"page","link":"https:\/\/www.lessmeister.de\/?page_id=13","title":{"rendered":"Kontakt"},"content":{"rendered":"\n<p><\/p>\n\n\n\n<div class=\"wp-block-group has-background\" style=\"background-color:#0b111cdb\"><div class=\"wp-block-group__inner-container is-layout-constrained wp-block-group-is-layout-constrained\">\n<p class=\"has-text-align-center has-large-font-size\">Sch\u00f6n, dass Sie Kontakt zu mir aufnehmen m\u00f6chten: <\/p>\n\n\n\n<div style=\"height:54px\" aria-hidden=\"true\" class=\"wp-block-spacer\"><\/div>\n\n\n\n<div class=\"wp-block-columns is-layout-flex wp-container-core-columns-is-layout-9d6595d7 wp-block-columns-is-layout-flex\">\n<div class=\"wp-block-column is-layout-flow wp-block-column-is-layout-flow\">\n<h2 class=\"wp-block-heading has-text-align-center\">Allgemeines <\/h2>\n\n\n\n<p class=\"has-text-align-center has-large-font-size\"><mark style=\"background-color:rgba(0, 0, 0, 0)\" class=\"has-inline-color has-neve-link-color-color\">info@lessmeister.de<\/mark><\/p>\n\n\n\n<p class=\"has-medium-font-size\">F\u00fcr Erstkontakte, Fragen und allgemeine Kommunikation <\/p>\n<\/div>\n\n\n\n<div class=\"wp-block-column is-layout-flow wp-block-column-is-layout-flow\">\n<h2 class=\"wp-block-heading has-text-align-center\">Support<\/h2>\n\n\n\n<p class=\"has-text-align-center has-large-font-size\"><mark style=\"background-color:rgba(0, 0, 0, 0)\" class=\"has-inline-color has-neve-link-color-color\">support@lessmeister.de<\/mark><\/p>\n\n\n\n<p class=\"has-medium-font-size\">Haben Sie bitte Verst\u00e4ndnis daf\u00fcr, dass ich Supportanfragen nur per E-Mail entgegennehmen kann. Aufgrund meiner Nebent\u00e4tigkeit kann ich keine Telefon-Bereitschaft oder Hotline anbieten. Die Adresse ist aber permanent \u00fcberwacht und ich werde mich schnellstm\u00f6glich um Ihre Anliegen k\u00fcmmern<\/p>\n<\/div>\n\n\n\n<div class=\"wp-block-column is-layout-flow wp-block-column-is-layout-flow\">\n<h2 class=\"wp-block-heading has-text-align-center\">Angebote<\/h2>\n\n\n\n<p class=\"has-text-align-center has-large-font-size\"><mark style=\"background-color:rgba(0, 0, 0, 0)\" class=\"has-inline-color has-neve-link-color-color\">sales@lessmeister.de<\/mark><\/p>\n\n\n\n<p class=\"has-text-align-center has-medium-font-size\">Wenn Sie schon wissen, was Sie m\u00f6chten, etwa Angebote \u00fcber spezifische Dienstleistungen oder Produkte, k\u00f6nnen Sie auch die direkte Adresse verwenden<\/p>\n<\/div>\n<\/div>\n<\/div><\/div>\n","protected":false},"excerpt":{"rendered":"<p>Sch\u00f6n, dass Sie Kontakt zu mir aufnehmen m\u00f6chten: Allgemeines info@lessmeister.de F\u00fcr Erstkontakte, Fragen und allgemeine Kommunikation Support support@lessmeister.de Haben Sie bitte Verst\u00e4ndnis daf\u00fcr, dass ich Supportanfragen nur per E-Mail entgegennehmen kann. Aufgrund meiner Nebent\u00e4tigkeit kann ich keine Telefon-Bereitschaft oder Hotline anbieten. Die Adresse ist aber permanent \u00fcberwacht und ich werde mich schnellstm\u00f6glich um Ihre Anliegen&hellip;&nbsp;<a href=\"https:\/\/www.lessmeister.de\/?page_id=13\" rel=\"bookmark\">Weiterlesen &raquo;<span class=\"screen-reader-text\">Kontakt<\/span><\/a><\/p>\n","protected":false},"author":1,"featured_media":0,"parent":0,"menu_order":0,"comment_status":"closed","ping_status":"closed","template":"","meta":{"neve_meta_sidebar":"","neve_meta_container":"","neve_meta_enable_content_width":"","neve_meta_content_width":0,"neve_meta_title_alignment":"","neve_meta_author_avatar":"","neve_post_elements_order":"","neve_meta_disable_header":"","neve_meta_disable_footer":"","neve_meta_disable_title":"","footnotes":""},"class_list":["post-13","page","type-page","status-publish","hentry"],"_links":{"self":[{"href":"https:\/\/www.lessmeister.de\/index.php?rest_route=\/wp\/v2\/pages\/13","targetHints":{"allow":["GET"]}}],"collection":[{"href":"https:\/\/www.lessmeister.de\/index.php?rest_route=\/wp\/v2\/pages"}],"about":[{"href":"https:\/\/www.lessmeister.de\/index.php?rest_route=\/wp\/v2\/types\/page"}],"author":[{"embeddable":true,"href":"https:\/\/www.lessmeister.de\/index.php?rest_route=\/wp\/v2\/users\/1"}],"replies":[{"embeddable":true,"href":"https:\/\/www.lessmeister.de\/index.php?rest_route=%2Fwp%2Fv2%2Fcomments&post=13"}],"version-history":[{"count":13,"href":"https:\/\/www.lessmeister.de\/index.php?rest_route=\/wp\/v2\/pages\/13\/revisions"}],"predecessor-version":[{"id":453,"href":"https:\/\/www.lessmeister.de\/index.php?rest_route=\/wp\/v2\/pages\/13\/revisions\/453"}],"wp:attachment":[{"href":"https:\/\/www.lessmeister.de\/index.php?rest_route=%2Fwp%2Fv2%2Fmedia&parent=13"}],"curies":[{"name":"wp","href":"https:\/\/api.w.org\/{rel}","templated":true}]}}