{"id":248,"date":"2023-04-12T13:21:54","date_gmt":"2023-04-12T11:21:54","guid":{"rendered":"https:\/\/www.lessmeister.de\/?page_id=248"},"modified":"2023-06-10T21:48:23","modified_gmt":"2023-06-10T19:48:23","slug":"hosting","status":"publish","type":"page","link":"https:\/\/www.lessmeister.de\/?page_id=248","title":{"rendered":"Webhosting"},"content":{"rendered":"\n<div class=\"wp-block-group has-background\" style=\"background-color:#0b111cd9\"><div class=\"wp-block-group__inner-container is-layout-constrained wp-block-group-is-layout-constrained\">\n<div style=\"height:80px\" aria-hidden=\"true\" class=\"wp-block-spacer\"><\/div>\n\n\n\n<h2 class=\"wp-block-heading\"><mark style=\"background-color:rgba(0, 0, 0, 0)\" class=\"has-inline-color has-neve-link-color-color\">So viele M\u00f6glichkeiten<\/mark><\/h2>\n\n\n\n<p class=\"has-nv-text-dark-bg-color has-text-color has-medium-font-size\">in meiner Umgebung kann ich Ihnen die unterschiedlichsten Webanwendungen und Plattformen zur Verf\u00fcgung stellen. So erhalten Sie genau die richtige L\u00f6sung f\u00fcr Ihre Webseite, Dokumentation oder Aufgabenverteilung. Gerne kann ich Ihnen auch eine private Cloud, die auf Ihre Bed\u00fcrfnisse zugeschnitten ist, anbieten. Hierzu k\u00f6nnen Sie sich auch von meinen vorherigen Projekten inspirieren lassen. <\/p>\n\n\n\n<div class=\"wp-block-columns is-layout-flex wp-container-core-columns-is-layout-9d6595d7 wp-block-columns-is-layout-flex\">\n<div class=\"wp-block-column is-layout-flow wp-block-column-is-layout-flow\" style=\"flex-basis:25%\"><\/div>\n\n\n\n<div class=\"wp-block-column is-layout-flow wp-block-column-is-layout-flow\" style=\"flex-basis:80%\">\n<figure class=\"wp-block-gallery has-nested-images columns-6 is-cropped wp-block-gallery-1 is-layout-flex wp-block-gallery-is-layout-flex\">\n<figure class=\"wp-block-image size-thumbnail\"><img loading=\"lazy\" decoding=\"async\" width=\"150\" height=\"150\" data-id=\"303\" src=\"https:\/\/www.lessmeister.de\/wp-content\/uploads\/2023\/04\/Logo_Apache-1-150x150.png\" alt=\"\" class=\"wp-image-303\" srcset=\"https:\/\/www.lessmeister.de\/wp-content\/uploads\/2023\/04\/Logo_Apache-1-150x150.png 150w, https:\/\/www.lessmeister.de\/wp-content\/uploads\/2023\/04\/Logo_Apache-1-300x300.png 300w, https:\/\/www.lessmeister.de\/wp-content\/uploads\/2023\/04\/Logo_Apache-1.png 512w\" sizes=\"auto, (max-width: 150px) 100vw, 150px\" \/><figcaption class=\"wp-element-caption\">Apache2<\/figcaption><\/figure>\n\n\n\n<figure class=\"wp-block-image size-thumbnail\"><img loading=\"lazy\" decoding=\"async\" width=\"150\" height=\"150\" data-id=\"297\" src=\"https:\/\/www.lessmeister.de\/wp-content\/uploads\/2023\/04\/Logo_Nextcloud-1-150x150.png\" alt=\"\" class=\"wp-image-297\" srcset=\"https:\/\/www.lessmeister.de\/wp-content\/uploads\/2023\/04\/Logo_Nextcloud-1-150x150.png 150w, https:\/\/www.lessmeister.de\/wp-content\/uploads\/2023\/04\/Logo_Nextcloud-1-300x300.png 300w, https:\/\/www.lessmeister.de\/wp-content\/uploads\/2023\/04\/Logo_Nextcloud-1.png 512w\" sizes=\"auto, (max-width: 150px) 100vw, 150px\" \/><figcaption class=\"wp-element-caption\">Nextcloud<\/figcaption><\/figure>\n\n\n\n<figure class=\"wp-block-image size-thumbnail\"><img loading=\"lazy\" decoding=\"async\" width=\"150\" height=\"150\" data-id=\"298\" src=\"https:\/\/www.lessmeister.de\/wp-content\/uploads\/2023\/04\/Logo_Wikijs-1-150x150.png\" alt=\"\" class=\"wp-image-298\" srcset=\"https:\/\/www.lessmeister.de\/wp-content\/uploads\/2023\/04\/Logo_Wikijs-1-150x150.png 150w, https:\/\/www.lessmeister.de\/wp-content\/uploads\/2023\/04\/Logo_Wikijs-1-300x300.png 300w, https:\/\/www.lessmeister.de\/wp-content\/uploads\/2023\/04\/Logo_Wikijs-1.png 512w\" sizes=\"auto, (max-width: 150px) 100vw, 150px\" \/><figcaption class=\"wp-element-caption\">wiki.js<\/figcaption><\/figure>\n\n\n\n<figure class=\"wp-block-image size-thumbnail\"><img loading=\"lazy\" decoding=\"async\" width=\"150\" height=\"150\" data-id=\"263\" src=\"https:\/\/www.lessmeister.de\/wp-content\/uploads\/2023\/04\/Logo_Seafile-150x150.png\" alt=\"\" class=\"wp-image-263\" srcset=\"https:\/\/www.lessmeister.de\/wp-content\/uploads\/2023\/04\/Logo_Seafile-150x150.png 150w, https:\/\/www.lessmeister.de\/wp-content\/uploads\/2023\/04\/Logo_Seafile-300x300.png 300w, https:\/\/www.lessmeister.de\/wp-content\/uploads\/2023\/04\/Logo_Seafile-768x768.png 768w, https:\/\/www.lessmeister.de\/wp-content\/uploads\/2023\/04\/Logo_Seafile.png 1024w\" sizes=\"auto, (max-width: 150px) 100vw, 150px\" \/><figcaption class=\"wp-element-caption\">Seafile<\/figcaption><\/figure>\n\n\n\n<figure class=\"wp-block-image size-thumbnail\"><img loading=\"lazy\" decoding=\"async\" width=\"150\" height=\"150\" data-id=\"305\" src=\"https:\/\/www.lessmeister.de\/wp-content\/uploads\/2023\/04\/Logo_nginx-1-150x150.png\" alt=\"\" class=\"wp-image-305\" srcset=\"https:\/\/www.lessmeister.de\/wp-content\/uploads\/2023\/04\/Logo_nginx-1-150x150.png 150w, https:\/\/www.lessmeister.de\/wp-content\/uploads\/2023\/04\/Logo_nginx-1-300x300.png 300w, https:\/\/www.lessmeister.de\/wp-content\/uploads\/2023\/04\/Logo_nginx-1.png 512w\" sizes=\"auto, (max-width: 150px) 100vw, 150px\" \/><figcaption class=\"wp-element-caption\">Nginx<\/figcaption><\/figure>\n\n\n\n<figure class=\"wp-block-image size-thumbnail\"><img loading=\"lazy\" decoding=\"async\" width=\"150\" height=\"150\" data-id=\"255\" src=\"https:\/\/www.lessmeister.de\/wp-content\/uploads\/2023\/04\/Logo_WordPress-150x150.png\" alt=\"\" class=\"wp-image-255\"\/><figcaption class=\"wp-element-caption\">WordPress<\/figcaption><\/figure>\n\n\n\n<figure class=\"wp-block-image size-thumbnail\"><img loading=\"lazy\" decoding=\"async\" width=\"150\" height=\"150\" data-id=\"257\" src=\"https:\/\/www.lessmeister.de\/wp-content\/uploads\/2023\/04\/Logo_Dokuwiki-150x150.png\" alt=\"\" class=\"wp-image-257\" srcset=\"https:\/\/www.lessmeister.de\/wp-content\/uploads\/2023\/04\/Logo_Dokuwiki-150x150.png 150w, https:\/\/www.lessmeister.de\/wp-content\/uploads\/2023\/04\/Logo_Dokuwiki-298x300.png 298w, https:\/\/www.lessmeister.de\/wp-content\/uploads\/2023\/04\/Logo_Dokuwiki-768x774.png 768w, https:\/\/www.lessmeister.de\/wp-content\/uploads\/2023\/04\/Logo_Dokuwiki.png 800w\" sizes=\"auto, (max-width: 150px) 100vw, 150px\" \/><figcaption class=\"wp-element-caption\">DokuWiki<\/figcaption><\/figure>\n\n\n\n<figure class=\"wp-block-image size-thumbnail\"><img loading=\"lazy\" decoding=\"async\" width=\"150\" height=\"150\" data-id=\"287\" src=\"https:\/\/www.lessmeister.de\/wp-content\/uploads\/2023\/04\/Logo_Joomla-150x150.png\" alt=\"\" class=\"wp-image-287\" title=\"Joomla\" srcset=\"https:\/\/www.lessmeister.de\/wp-content\/uploads\/2023\/04\/Logo_Joomla-150x150.png 150w, https:\/\/www.lessmeister.de\/wp-content\/uploads\/2023\/04\/Logo_Joomla-300x300.png 300w, https:\/\/www.lessmeister.de\/wp-content\/uploads\/2023\/04\/Logo_Joomla-1024x1024.png 1024w, https:\/\/www.lessmeister.de\/wp-content\/uploads\/2023\/04\/Logo_Joomla-768x767.png 768w, https:\/\/www.lessmeister.de\/wp-content\/uploads\/2023\/04\/Logo_Joomla-1536x1534.png 1536w, https:\/\/www.lessmeister.de\/wp-content\/uploads\/2023\/04\/Logo_Joomla-2048x2045.png 2048w\" sizes=\"auto, (max-width: 150px) 100vw, 150px\" \/><figcaption class=\"wp-element-caption\">Joomla<\/figcaption><\/figure>\n\n\n\n<figure class=\"wp-block-image size-thumbnail is-style-default\"><img loading=\"lazy\" decoding=\"async\" width=\"150\" height=\"150\" data-id=\"296\" src=\"https:\/\/www.lessmeister.de\/wp-content\/uploads\/2023\/04\/Logo_Drupal-1-150x150.png\" alt=\"\" class=\"wp-image-296\" srcset=\"https:\/\/www.lessmeister.de\/wp-content\/uploads\/2023\/04\/Logo_Drupal-1-150x150.png 150w, https:\/\/www.lessmeister.de\/wp-content\/uploads\/2023\/04\/Logo_Drupal-1.png 253w\" sizes=\"auto, (max-width: 150px) 100vw, 150px\" \/><figcaption class=\"wp-element-caption\">Drupal<\/figcaption><\/figure>\n\n\n\n<figure class=\"wp-block-image size-thumbnail\"><img loading=\"lazy\" decoding=\"async\" width=\"150\" height=\"150\" data-id=\"288\" src=\"https:\/\/www.lessmeister.de\/wp-content\/uploads\/2023\/04\/Logo_Mediawiki-150x150.png\" alt=\"\" class=\"wp-image-288\" srcset=\"https:\/\/www.lessmeister.de\/wp-content\/uploads\/2023\/04\/Logo_Mediawiki-150x150.png 150w, https:\/\/www.lessmeister.de\/wp-content\/uploads\/2023\/04\/Logo_Mediawiki-300x300.png 300w, https:\/\/www.lessmeister.de\/wp-content\/uploads\/2023\/04\/Logo_Mediawiki.png 600w\" sizes=\"auto, (max-width: 150px) 100vw, 150px\" \/><figcaption class=\"wp-element-caption\">Mediawiki<\/figcaption><\/figure>\n\n\n\n<figure class=\"wp-block-image size-thumbnail\"><img loading=\"lazy\" decoding=\"async\" width=\"150\" height=\"150\" data-id=\"289\" src=\"https:\/\/www.lessmeister.de\/wp-content\/uploads\/2023\/04\/Logo_Typo3-150x150.png\" alt=\"\" class=\"wp-image-289\"\/><figcaption class=\"wp-element-caption\">Typo3<\/figcaption><\/figure>\n\n\n\n<figure class=\"wp-block-image size-thumbnail\"><img loading=\"lazy\" decoding=\"async\" width=\"150\" height=\"150\" data-id=\"293\" src=\"https:\/\/www.lessmeister.de\/wp-content\/uploads\/2023\/04\/uvm-2-150x150.png\" alt=\"\" class=\"wp-image-293\" srcset=\"https:\/\/www.lessmeister.de\/wp-content\/uploads\/2023\/04\/uvm-2-150x150.png 150w, https:\/\/www.lessmeister.de\/wp-content\/uploads\/2023\/04\/uvm-2-300x300.png 300w, https:\/\/www.lessmeister.de\/wp-content\/uploads\/2023\/04\/uvm-2.png 512w\" sizes=\"auto, (max-width: 150px) 100vw, 150px\" \/><\/figure>\n<\/figure>\n<\/div>\n\n\n\n<div class=\"wp-block-column is-layout-flow wp-block-column-is-layout-flow\" style=\"flex-basis:25%\"><\/div>\n<\/div>\n\n\n\n<p class=\"has-medium-font-size\">Jede Webseite auf meinem System hat h\u00f6chste Priorit\u00e4t und Ihr Anspruch an eine tadellose Onlinepr\u00e4senz ist auch der meine. Gerne unterst\u00fctze ich Sie bei Planung, Umzug, Einrichtung oder \u00dcberarbeitung Ihrer Webseite und biete Ihnen oder Ihren Mitarbeitern au\u00dferdem Schulungen f\u00fcr die Arbeit mit dem neuen System an. Egal, ob Sie bereits konkrete Vorstellungen oder erst Ideen haben, Ich berate Sie gerne und helfe Ihnen beim Finden der richtigen L\u00f6sung.    <\/p>\n\n\n\n<div style=\"height:50px\" aria-hidden=\"true\" class=\"wp-block-spacer\"><\/div>\n\n\n\n<hr class=\"wp-block-separator has-alpha-channel-opacity\"\/>\n\n\n\n<div class=\"wp-block-columns is-layout-flex wp-container-core-columns-is-layout-9d6595d7 wp-block-columns-is-layout-flex\">\n<div class=\"wp-block-column is-vertically-aligned-center is-layout-flow wp-block-column-is-layout-flow\">\n<p class=\"has-text-align-right has-large-font-size\"><mark style=\"background-color:rgba(0, 0, 0, 0)\" class=\"has-inline-color has-neve-link-color-color\">Infrastruktur von Netcup<br>Server Standort N\u00fcrnberg<\/mark><\/p>\n<\/div>\n\n\n\n<div class=\"wp-block-column is-layout-flow wp-block-column-is-layout-flow\" style=\"flex-basis:10%\">\n<div style=\"height:30px\" aria-hidden=\"true\" class=\"wp-block-spacer\"><\/div>\n<\/div>\n\n\n\n<div class=\"wp-block-column is-layout-flow wp-block-column-is-layout-flow\">\n<figure class=\"wp-block-image size-full\"><img loading=\"lazy\" decoding=\"async\" width=\"440\" height=\"200\" src=\"https:\/\/www.lessmeister.de\/wp-content\/uploads\/2023\/04\/netcup-hlogo-2019-b440h200.png\" alt=\"\" class=\"wp-image-253\" srcset=\"https:\/\/www.lessmeister.de\/wp-content\/uploads\/2023\/04\/netcup-hlogo-2019-b440h200.png 440w, https:\/\/www.lessmeister.de\/wp-content\/uploads\/2023\/04\/netcup-hlogo-2019-b440h200-300x136.png 300w\" sizes=\"auto, (max-width: 440px) 100vw, 440px\" \/><\/figure>\n<\/div>\n<\/div>\n\n\n\n<hr class=\"wp-block-separator has-alpha-channel-opacity is-style-default\"\/>\n\n\n\n<div style=\"height:50px\" aria-hidden=\"true\" class=\"wp-block-spacer\"><\/div>\n\n\n\n<h2 class=\"wp-block-heading\"><mark style=\"background-color:rgba(0, 0, 0, 0)\" class=\"has-inline-color has-neve-link-color-color\">Meine Umgebung<\/mark><\/h2>\n\n\n\n<p class=\"has-medium-font-size\">Wie bei meinen Projekten lege ich auch bei meiner Hosting-Umgebung gro\u00dfen Wert auf Open Source, Sicherheit und Datenschutz. Alle Ressourcen werden auf der Infrastruktur von Netcup mit einer garantierten Verf\u00fcgbarkeit von mindestens 99,6% bereitgestellt. Auf dieser sicheren Basis habe ich ein Web-Hosting-System mit Ubuntu und Docker Swarm aufgebaut, in dem Ich die hohe Verf\u00fcgbarkeit durch Redundanz, noch verbessern kann. Alle Ihre Ressourcen liegen durch getrennte Netzwerke und strikte Firewall-Regeln au\u00dferhalb des direkten Internetzugriffs. Um die Sicherheit ihrer Daten zu garantieren, werden alle Web-Applikationen t\u00e4glich auf einem verschl\u00fcsselten, vor Ransomware gesch\u00fctzten Backup-Server gesichert.<\/p>\n\n\n\n<div class=\"wp-block-columns is-layout-flex wp-container-core-columns-is-layout-9d6595d7 wp-block-columns-is-layout-flex\">\n<div class=\"wp-block-column is-layout-flow wp-block-column-is-layout-flow\" style=\"flex-basis:30%\">\n<div style=\"height:15px\" aria-hidden=\"true\" class=\"wp-block-spacer\"><\/div>\n<\/div>\n\n\n\n<div class=\"wp-block-column is-layout-flow wp-block-column-is-layout-flow\" style=\"flex-basis:70%\">\n<figure class=\"wp-block-gallery has-nested-images columns-5 is-cropped wp-block-gallery-2 is-layout-flex wp-block-gallery-is-layout-flex\">\n<figure class=\"wp-block-image size-large\"><img loading=\"lazy\" decoding=\"async\" width=\"881\" height=\"1024\" data-id=\"328\" src=\"https:\/\/www.lessmeister.de\/wp-content\/uploads\/2023\/04\/Logo_Linux-1-881x1024.png\" alt=\"\" class=\"wp-image-328\" srcset=\"https:\/\/www.lessmeister.de\/wp-content\/uploads\/2023\/04\/Logo_Linux-1-881x1024.png 881w, https:\/\/www.lessmeister.de\/wp-content\/uploads\/2023\/04\/Logo_Linux-1-258x300.png 258w, https:\/\/www.lessmeister.de\/wp-content\/uploads\/2023\/04\/Logo_Linux-1-768x893.png 768w, https:\/\/www.lessmeister.de\/wp-content\/uploads\/2023\/04\/Logo_Linux-1.png 974w\" sizes=\"auto, (max-width: 881px) 100vw, 881px\" \/><figcaption class=\"wp-element-caption\">Linux<\/figcaption><\/figure>\n\n\n\n<figure class=\"wp-block-image size-full\"><img loading=\"lazy\" decoding=\"async\" width=\"512\" height=\"512\" data-id=\"368\" src=\"https:\/\/www.lessmeister.de\/wp-content\/uploads\/2023\/04\/Logo_Docker-3.png\" alt=\"\" class=\"wp-image-368\" srcset=\"https:\/\/www.lessmeister.de\/wp-content\/uploads\/2023\/04\/Logo_Docker-3.png 512w, https:\/\/www.lessmeister.de\/wp-content\/uploads\/2023\/04\/Logo_Docker-3-300x300.png 300w, https:\/\/www.lessmeister.de\/wp-content\/uploads\/2023\/04\/Logo_Docker-3-150x150.png 150w\" sizes=\"auto, (max-width: 512px) 100vw, 512px\" \/><figcaption class=\"wp-element-caption\">Docker Swarm<\/figcaption><\/figure>\n\n\n\n<figure class=\"wp-block-image size-large\"><img loading=\"lazy\" decoding=\"async\" width=\"853\" height=\"1024\" data-id=\"366\" src=\"https:\/\/www.lessmeister.de\/wp-content\/uploads\/2023\/04\/Logo_OpenSource-2-853x1024.png\" alt=\"\" class=\"wp-image-366\" srcset=\"https:\/\/www.lessmeister.de\/wp-content\/uploads\/2023\/04\/Logo_OpenSource-2-853x1024.png 853w, https:\/\/www.lessmeister.de\/wp-content\/uploads\/2023\/04\/Logo_OpenSource-2-250x300.png 250w, https:\/\/www.lessmeister.de\/wp-content\/uploads\/2023\/04\/Logo_OpenSource-2-768x922.png 768w, https:\/\/www.lessmeister.de\/wp-content\/uploads\/2023\/04\/Logo_OpenSource-2-1280x1536.png 1280w, https:\/\/www.lessmeister.de\/wp-content\/uploads\/2023\/04\/Logo_OpenSource-2.png 1500w\" sizes=\"auto, (max-width: 853px) 100vw, 853px\" \/><\/figure>\n\n\n\n<figure class=\"wp-block-image size-full\"><img loading=\"lazy\" decoding=\"async\" width=\"512\" height=\"512\" data-id=\"370\" src=\"https:\/\/www.lessmeister.de\/wp-content\/uploads\/2023\/04\/Logo_Mariadb-2.png\" alt=\"\" class=\"wp-image-370\" srcset=\"https:\/\/www.lessmeister.de\/wp-content\/uploads\/2023\/04\/Logo_Mariadb-2.png 512w, https:\/\/www.lessmeister.de\/wp-content\/uploads\/2023\/04\/Logo_Mariadb-2-300x300.png 300w, https:\/\/www.lessmeister.de\/wp-content\/uploads\/2023\/04\/Logo_Mariadb-2-150x150.png 150w\" sizes=\"auto, (max-width: 512px) 100vw, 512px\" \/><figcaption class=\"wp-element-caption\">MariaDB<\/figcaption><\/figure>\n\n\n\n<figure class=\"wp-block-image size-large\"><img loading=\"lazy\" decoding=\"async\" width=\"750\" height=\"767\" data-id=\"329\" src=\"https:\/\/www.lessmeister.de\/wp-content\/uploads\/2023\/04\/Logo_Ubuntu-1.png\" alt=\"\" class=\"wp-image-329\" srcset=\"https:\/\/www.lessmeister.de\/wp-content\/uploads\/2023\/04\/Logo_Ubuntu-1.png 750w, https:\/\/www.lessmeister.de\/wp-content\/uploads\/2023\/04\/Logo_Ubuntu-1-293x300.png 293w\" sizes=\"auto, (max-width: 750px) 100vw, 750px\" \/><figcaption class=\"wp-element-caption\">Ubuntu LTS<\/figcaption><\/figure>\n<\/figure>\n<\/div>\n\n\n\n<div class=\"wp-block-column is-layout-flow wp-block-column-is-layout-flow\" style=\"flex-basis:30%\"><\/div>\n<\/div>\n<\/div><\/div>\n","protected":false},"excerpt":{"rendered":"<p>So viele M\u00f6glichkeiten in meiner Umgebung kann ich Ihnen die unterschiedlichsten Webanwendungen und Plattformen zur Verf\u00fcgung stellen. So erhalten Sie genau die richtige L\u00f6sung f\u00fcr Ihre Webseite, Dokumentation oder Aufgabenverteilung. Gerne kann ich Ihnen auch eine private Cloud, die auf Ihre Bed\u00fcrfnisse zugeschnitten ist, anbieten. Hierzu k\u00f6nnen Sie sich auch von meinen vorherigen Projekten inspirieren&hellip;&nbsp;<a href=\"https:\/\/www.lessmeister.de\/?page_id=248\" rel=\"bookmark\">Weiterlesen &raquo;<span class=\"screen-reader-text\">Webhosting<\/span><\/a><\/p>\n","protected":false},"author":1,"featured_media":0,"parent":0,"menu_order":0,"comment_status":"closed","ping_status":"closed","template":"","meta":{"neve_meta_sidebar":"left","neve_meta_container":"default","neve_meta_enable_content_width":"off","neve_meta_content_width":43,"neve_meta_title_alignment":"left","neve_meta_author_avatar":"","neve_post_elements_order":"","neve_meta_disable_header":"off","neve_meta_disable_footer":"","neve_meta_disable_title":"","footnotes":""},"class_list":["post-248","page","type-page","status-publish","hentry"],"_links":{"self":[{"href":"https:\/\/www.lessmeister.de\/index.php?rest_route=\/wp\/v2\/pages\/248","targetHints":{"allow":["GET"]}}],"collection":[{"href":"https:\/\/www.lessmeister.de\/index.php?rest_route=\/wp\/v2\/pages"}],"about":[{"href":"https:\/\/www.lessmeister.de\/index.php?rest_route=\/wp\/v2\/types\/page"}],"author":[{"embeddable":true,"href":"https:\/\/www.lessmeister.de\/index.php?rest_route=\/wp\/v2\/users\/1"}],"replies":[{"embeddable":true,"href":"https:\/\/www.lessmeister.de\/index.php?rest_route=%2Fwp%2Fv2%2Fcomments&post=248"}],"version-history":[{"count":48,"href":"https:\/\/www.lessmeister.de\/index.php?rest_route=\/wp\/v2\/pages\/248\/revisions"}],"predecessor-version":[{"id":451,"href":"https:\/\/www.lessmeister.de\/index.php?rest_route=\/wp\/v2\/pages\/248\/revisions\/451"}],"wp:attachment":[{"href":"https:\/\/www.lessmeister.de\/index.php?rest_route=%2Fwp%2Fv2%2Fmedia&parent=248"}],"curies":[{"name":"wp","href":"https:\/\/api.w.org\/{rel}","templated":true}]}}