{"id":40,"date":"2023-04-04T17:07:59","date_gmt":"2023-04-04T15:07:59","guid":{"rendered":"https:\/\/www.lessmeister.de\/?page_id=40"},"modified":"2023-07-25T16:36:35","modified_gmt":"2023-07-25T14:36:35","slug":"ueber-mich","status":"publish","type":"page","link":"https:\/\/www.lessmeister.de\/?page_id=40","title":{"rendered":"\u00dcber Mich"},"content":{"rendered":"\n<div style=\"height:30px\" aria-hidden=\"true\" class=\"wp-block-spacer\"><\/div>\n\n\n\n<div class=\"wp-block-columns is-layout-flex wp-container-core-columns-is-layout-9d6595d7 wp-block-columns-is-layout-flex\">\n<div class=\"wp-block-column is-layout-flow wp-block-column-is-layout-flow\" style=\"flex-basis:66.66%\">\n<div style=\"height:100px\" aria-hidden=\"true\" class=\"wp-block-spacer\"><\/div>\n\n\n\n<blockquote class=\"wp-block-quote has-medium-font-size is-layout-flow wp-block-quote-is-layout-flow\">\n<p class=\"has-text-align-center has-neve-link-color-color has-text-color has-large-font-size\">&#8222;IT ist f\u00fcr mich nicht nur ein Job, IT ist mein Hobby, mein Beruf und mein kreatives Outlet&#8220;<\/p>\n<\/blockquote>\n<\/div>\n\n\n\n<div class=\"wp-block-column is-layout-flow wp-block-column-is-layout-flow\" style=\"flex-basis:33.33%\">\n<div class=\"alignnormal\"><div id=\"metaslider-id-476\" style=\"width: 100%; margin: 0 auto;\" class=\"ml-slider-3-105-0 metaslider metaslider-flex metaslider-476 ml-slider ms-theme-default nav-hidden\" role=\"region\" aria-label=\"New Slideshow\" data-height=\"300\" data-width=\"700\">\n    <div id=\"metaslider_container_476\">\n        <div id=\"metaslider_476\">\n            <ul class='slides'>\n                <li style=\"display: block; width: 100%;\" class=\"slide-477 ms-image \" aria-roledescription=\"slide\" data-date=\"2023-06-12 13:53:04\" data-filename=\"image-20230612-131730.jpeg\" data-slide-type=\"image\"><img loading=\"lazy\" decoding=\"async\" width=\"1200\" height=\"1179\" src=\"https:\/\/www.lessmeister.de\/wp-content\/uploads\/2023\/06\/image-20230612-131730.jpeg\" class=\"slider-476 slide-477 msDefaultImage\" alt=\"\" rel=\"\" title=\"image-20230612-131730\" srcset=\"https:\/\/www.lessmeister.de\/wp-content\/uploads\/2023\/06\/image-20230612-131730.jpeg 1200w, https:\/\/www.lessmeister.de\/wp-content\/uploads\/2023\/06\/image-20230612-131730-300x295.jpeg 300w, https:\/\/www.lessmeister.de\/wp-content\/uploads\/2023\/06\/image-20230612-131730-1024x1006.jpeg 1024w, https:\/\/www.lessmeister.de\/wp-content\/uploads\/2023\/06\/image-20230612-131730-768x755.jpeg 768w\" sizes=\"auto, (max-width: 1200px) 100vw, 1200px\" \/><\/li>\n                <li style=\"display: none; width: 100%;\" class=\"slide-478 ms-image \" aria-roledescription=\"slide\" data-date=\"2023-06-12 13:53:04\" data-filename=\"image-20230612-131227.jpeg\" data-slide-type=\"image\"><img loading=\"lazy\" decoding=\"async\" width=\"668\" height=\"639\" src=\"https:\/\/www.lessmeister.de\/wp-content\/uploads\/2023\/06\/image-20230612-131227.jpeg\" class=\"slider-476 slide-478 msDefaultImage\" alt=\"\" rel=\"\" title=\"image-20230612-131227\" srcset=\"https:\/\/www.lessmeister.de\/wp-content\/uploads\/2023\/06\/image-20230612-131227.jpeg 668w, https:\/\/www.lessmeister.de\/wp-content\/uploads\/2023\/06\/image-20230612-131227-300x287.jpeg 300w\" sizes=\"auto, (max-width: 668px) 100vw, 668px\" \/><\/li>\n                <li style=\"display: none; width: 100%;\" class=\"slide-479 ms-image \" aria-roledescription=\"slide\" data-date=\"2023-06-12 13:53:04\" data-filename=\"image-20230612-131501.jpeg\" data-slide-type=\"image\"><img loading=\"lazy\" decoding=\"async\" width=\"936\" height=\"839\" src=\"https:\/\/www.lessmeister.de\/wp-content\/uploads\/2023\/06\/image-20230612-131501.jpeg\" class=\"slider-476 slide-479 msDefaultImage\" alt=\"\" rel=\"\" title=\"image-20230612-131501\" srcset=\"https:\/\/www.lessmeister.de\/wp-content\/uploads\/2023\/06\/image-20230612-131501.jpeg 936w, https:\/\/www.lessmeister.de\/wp-content\/uploads\/2023\/06\/image-20230612-131501-300x269.jpeg 300w, https:\/\/www.lessmeister.de\/wp-content\/uploads\/2023\/06\/image-20230612-131501-768x688.jpeg 768w\" sizes=\"auto, (max-width: 936px) 100vw, 936px\" \/><\/li>\n                <li style=\"display: none; width: 100%;\" class=\"slide-480 ms-image \" aria-roledescription=\"slide\" data-date=\"2023-06-12 13:53:04\" data-filename=\"image-20230612-131340.jpeg\" data-slide-type=\"image\"><img loading=\"lazy\" decoding=\"async\" width=\"1099\" height=\"1017\" src=\"https:\/\/www.lessmeister.de\/wp-content\/uploads\/2023\/06\/image-20230612-131340.jpeg\" class=\"slider-476 slide-480 msDefaultImage\" alt=\"\" rel=\"\" title=\"image-20230612-131340\" srcset=\"https:\/\/www.lessmeister.de\/wp-content\/uploads\/2023\/06\/image-20230612-131340.jpeg 1099w, https:\/\/www.lessmeister.de\/wp-content\/uploads\/2023\/06\/image-20230612-131340-300x278.jpeg 300w, https:\/\/www.lessmeister.de\/wp-content\/uploads\/2023\/06\/image-20230612-131340-1024x948.jpeg 1024w, https:\/\/www.lessmeister.de\/wp-content\/uploads\/2023\/06\/image-20230612-131340-768x711.jpeg 768w\" sizes=\"auto, (max-width: 1099px) 100vw, 1099px\" \/><\/li>\n            <\/ul>\n        <\/div>\n        \n    <\/div>\n<\/div><\/div>\n<\/div>\n<\/div>\n\n\n\n<div class=\"wp-block-group has-background\" style=\"background-color:#0b111cbd\"><div class=\"wp-block-group__inner-container is-layout-constrained wp-block-group-is-layout-constrained\">\n<p class=\"has-background has-medium-font-size\" style=\"background-color:#0b111c00\">Seit dem Beginn meines Berufslebens in 2012 bin ich bei der Stadtverwaltung Kaiserslautern als Systemadministrator t\u00e4tig. In dieser Zeit bin Ich privat und beruflich mit zahlreichen IT-Systemen und Technologien in Ber\u00fchrung gekommen und konnte viele Erfahrungen in den unterschiedlichsten Bereichen sammeln. Seit mehreren Jahren arbeite ich nun hauptberuflich als leitender Systemadministrator der Integrierten Leitstelle in Kaiserslautern, einer Stelle, bei der ich viel \u00fcber kritische Systeme, Hochverf\u00fcgbarkeit, Projektplanung und Datenschutz lernen konnte. Mit der Gr\u00fcndung meines Nebengewerbes habe ich mir den Wunsch nach einem weiteren T\u00e4tigkeitsbereich verwirklicht. Ich m\u00f6chte mit meinen F\u00e4higkeiten und meiner Erfahrung Ihre Prozesse optimieren, neue L\u00f6sungen schaffen, Mitarbeiter schulen und Ihr Unternehmen auf den neusten Stand der Technik bringen. <br><br><br>Meine Freizeit verbringe zum gro\u00dfen Teil mit dem Basteln und Programmieren von DIY-Projekten rund um Mikrocontroller und Linux, dem Reparieren und Fahren meiner Motorr\u00e4der und der ehrenamtlichen T\u00e4tigkeit beim <a href=\"http:\/\/www.animal-sunshine-farm.de\">Tierschutzverein Animal-Sunshine-Farm e.V.<\/a> in Kindsbach. Dort bin ich ehrenamtlicher Tierretter und berate bei IT-Projekten.<\/p>\n\n\n\n<p class=\"has-background has-medium-font-size\" style=\"background-color:#0b111c00\">Zu meinen F\u00e4higkeiten geh\u00f6ren folgende Bereiche: <\/p>\n\n\n\n<div class=\"wp-block-columns has-background is-layout-flex wp-container-core-columns-is-layout-9d6595d7 wp-block-columns-is-layout-flex\" style=\"background-color:#0b111c00\">\n<div class=\"wp-block-column is-layout-flow wp-block-column-is-layout-flow\">\n<ul class=\"wp-block-list\">\n<li><mark style=\"background-color:rgba(0, 0, 0, 0)\" class=\"has-inline-color has-neve-link-hover-color-color\">Linux<\/mark>\n<ul class=\"wp-block-list\">\n<li>Linux als Client Betriebssystem<\/li>\n\n\n\n<li>Linux als Server<\/li>\n\n\n\n<li>Raspberry Pi<\/li>\n<\/ul>\n<\/li>\n\n\n\n<li><mark style=\"background-color:rgba(0, 0, 0, 0)\" class=\"has-inline-color has-neve-link-hover-color-color\">Netzwerktechnik<\/mark>\n<ul class=\"wp-block-list\">\n<li>Sophos UTM<\/li>\n\n\n\n<li>PfSense<\/li>\n\n\n\n<li>IP-Fire<\/li>\n\n\n\n<li>Cisco IOS<\/li>\n\n\n\n<li>HP ProCurve<\/li>\n\n\n\n<li>Firewall (allgemein)<\/li>\n\n\n\n<li>Switching (allgemein)<\/li>\n<\/ul>\n<\/li>\n\n\n\n<li><mark style=\"background-color:rgba(0, 0, 0, 0)\" class=\"has-inline-color has-neve-link-hover-color-color\">Webservices<\/mark>\n<ul class=\"wp-block-list\">\n<li>E-Mail Server<\/li>\n\n\n\n<li>Webserver<\/li>\n\n\n\n<li>Content Management Systeme<\/li>\n\n\n\n<li>Cloud-Systeme<\/li>\n\n\n\n<li>VPN-Tunnel<\/li>\n<\/ul>\n<\/li>\n\n\n\n<li><mark style=\"background-color:rgba(0, 0, 0, 0)\" class=\"has-inline-color has-neve-link-hover-color-color\">Backup<\/mark>\n<ul class=\"wp-block-list\">\n<li>Backupkonzepte<\/li>\n\n\n\n<li>Einzell\u00f6sungen<\/li>\n\n\n\n<li>Open Source L\u00f6sungen<\/li>\n\n\n\n<li>Veeam Backup <\/li>\n<\/ul>\n<\/li>\n<\/ul>\n<\/div>\n\n\n\n<div class=\"wp-block-column is-layout-flow wp-block-column-is-layout-flow\">\n<ul class=\"wp-block-list\">\n<li><mark style=\"background-color:rgba(0, 0, 0, 0)\" class=\"has-inline-color has-neve-link-hover-color-color\">Microsoft<\/mark> \n<ul class=\"wp-block-list\">\n<li>Windows Server 2008 bis 2022<\/li>\n\n\n\n<li>Windows XP bis 11<\/li>\n\n\n\n<li>Active Directory<\/li>\n\n\n\n<li>Office <\/li>\n<\/ul>\n<\/li>\n\n\n\n<li><mark style=\"background-color:rgba(0, 0, 0, 0)\" class=\"has-inline-color has-neve-link-hover-color-color\">Virtualisierung<\/mark>\n<ul class=\"wp-block-list\">\n<li>VirtualBox<\/li>\n\n\n\n<li>KVM<\/li>\n\n\n\n<li>VMware <\/li>\n<\/ul>\n<\/li>\n\n\n\n<li><mark style=\"background-color:rgba(0, 0, 0, 0)\" class=\"has-inline-color has-neve-link-hover-color-color\">Microcontroller<\/mark>\n<ul class=\"wp-block-list\">\n<li>Arduino<\/li>\n\n\n\n<li>ESP 8266<\/li>\n\n\n\n<li>Sensoren <\/li>\n\n\n\n<li>Platinendesign <\/li>\n<\/ul>\n<\/li>\n\n\n\n<li><mark style=\"background-color:rgba(0, 0, 0, 0)\" class=\"has-inline-color has-neve-link-hover-color-color\">Schulungen<\/mark>\n<ul class=\"wp-block-list\">\n<li>Mitarbeiterschulungen<\/li>\n\n\n\n<li>Webinare<\/li>\n<\/ul>\n<\/li>\n\n\n\n<li><mark style=\"background-color:rgba(0, 0, 0, 0)\" class=\"has-inline-color has-neve-link-hover-color-color\">Grundst\u00fccks\u00fcberwachung<\/mark>\n<ul class=\"wp-block-list\">\n<li>Zoneminder<\/li>\n\n\n\n<li>IP-Kamera Technik<\/li>\n\n\n\n<li>Reolink Kameras<\/li>\n<\/ul>\n<\/li>\n\n\n\n<li><mark style=\"background-color:rgba(0, 0, 0, 0)\" class=\"has-inline-color has-neve-link-hover-color-color\">Netzwerk\u00fcberwachung<\/mark>\n<ul class=\"wp-block-list\">\n<li>Nagios<\/li>\n\n\n\n<li>Icinga 2<\/li>\n\n\n\n<li>UptimeKuma<\/li>\n<\/ul>\n<\/li>\n<\/ul>\n<\/div>\n\n\n\n<div class=\"wp-block-column is-layout-flow wp-block-column-is-layout-flow\">\n<ul class=\"wp-block-list\">\n<li><mark style=\"background-color:rgba(0, 0, 0, 0)\" class=\"has-inline-color has-neve-link-hover-color-color\">Projektplanung<\/mark>\n<ul class=\"wp-block-list\">\n<li>Hardwaretausch<\/li>\n\n\n\n<li>Softwareupgrades<\/li>\n\n\n\n<li>Systemumstellungen<\/li>\n<\/ul>\n<\/li>\n\n\n\n<li><mark style=\"background-color:rgba(0, 0, 0, 0)\" class=\"has-inline-color has-neve-link-hover-color-color\">Netzwerkplanung<\/mark>\n<ul class=\"wp-block-list\">\n<li>Strukturierte Verkableung<\/li>\n\n\n\n<li>Business WiFi Systeme<\/li>\n\n\n\n<li>Bedarfsplanung<\/li>\n<\/ul>\n<\/li>\n\n\n\n<li><mark style=\"background-color:rgba(0, 0, 0, 0)\" class=\"has-inline-color has-neve-link-hover-color-color\">3D Design<\/mark>\n<ul class=\"wp-block-list\">\n<li>Tinkercad<\/li>\n\n\n\n<li>OpenScad<\/li>\n\n\n\n<li>AutoCAD<\/li>\n<\/ul>\n<\/li>\n\n\n\n<li><mark style=\"background-color:rgba(0, 0, 0, 0)\" class=\"has-inline-color has-neve-link-hover-color-color\">Programmieren<\/mark>\n<ul class=\"wp-block-list\">\n<li>c \/ c++<\/li>\n\n\n\n<li>c#<\/li>\n\n\n\n<li>Linux (Bash)<\/li>\n\n\n\n<li>PHP<\/li>\n<\/ul>\n<\/li>\n\n\n\n<li><mark style=\"background-color:rgba(0, 0, 0, 0)\" class=\"has-inline-color has-neve-link-hover-color-color\">Smarthome<\/mark>\n<ul class=\"wp-block-list\">\n<li>Zigbee<\/li>\n\n\n\n<li>Homematic<\/li>\n\n\n\n<li>Shelly<\/li>\n<\/ul>\n<\/li>\n\n\n\n<li> <mark style=\"background-color:rgba(0, 0, 0, 0)\" class=\"has-inline-color has-neve-link-hover-color-color\">Datenbanken<\/mark>\n<ul class=\"wp-block-list\">\n<li>Mysql \/ Mariadb<\/li>\n\n\n\n<li>SQL Query <\/li>\n<\/ul>\n<\/li>\n\n\n\n<li><mark style=\"background-color:rgba(0, 0, 0, 0)\" class=\"has-inline-color has-neve-link-hover-color-color\">Storage Systeme<\/mark>\n<ul class=\"wp-block-list\">\n<li>TrueNAS<\/li>\n\n\n\n<li>Synology<\/li>\n\n\n\n<li>Huawei<\/li>\n<\/ul>\n<\/li>\n<\/ul>\n<\/div>\n<\/div>\n\n\n\n<p><\/p>\n<\/div><\/div>\n","protected":false},"excerpt":{"rendered":"<p>&#8222;IT ist f\u00fcr mich nicht nur ein Job, IT ist mein Hobby, mein Beruf und mein kreatives Outlet&#8220; Seit dem Beginn meines Berufslebens in 2012 bin ich bei der Stadtverwaltung Kaiserslautern als Systemadministrator t\u00e4tig. In dieser Zeit bin Ich privat und beruflich mit zahlreichen IT-Systemen und Technologien in Ber\u00fchrung gekommen und konnte viele Erfahrungen in&hellip;&nbsp;<a href=\"https:\/\/www.lessmeister.de\/?page_id=40\" rel=\"bookmark\">Weiterlesen &raquo;<span class=\"screen-reader-text\">\u00dcber Mich<\/span><\/a><\/p>\n","protected":false},"author":1,"featured_media":0,"parent":0,"menu_order":0,"comment_status":"closed","ping_status":"closed","template":"","meta":{"neve_meta_sidebar":"","neve_meta_container":"","neve_meta_enable_content_width":"","neve_meta_content_width":0,"neve_meta_title_alignment":"","neve_meta_author_avatar":"","neve_post_elements_order":"","neve_meta_disable_header":"","neve_meta_disable_footer":"","neve_meta_disable_title":"","footnotes":""},"class_list":["post-40","page","type-page","status-publish","hentry"],"_links":{"self":[{"href":"https:\/\/www.lessmeister.de\/index.php?rest_route=\/wp\/v2\/pages\/40","targetHints":{"allow":["GET"]}}],"collection":[{"href":"https:\/\/www.lessmeister.de\/index.php?rest_route=\/wp\/v2\/pages"}],"about":[{"href":"https:\/\/www.lessmeister.de\/index.php?rest_route=\/wp\/v2\/types\/page"}],"author":[{"embeddable":true,"href":"https:\/\/www.lessmeister.de\/index.php?rest_route=\/wp\/v2\/users\/1"}],"replies":[{"embeddable":true,"href":"https:\/\/www.lessmeister.de\/index.php?rest_route=%2Fwp%2Fv2%2Fcomments&post=40"}],"version-history":[{"count":33,"href":"https:\/\/www.lessmeister.de\/index.php?rest_route=\/wp\/v2\/pages\/40\/revisions"}],"predecessor-version":[{"id":486,"href":"https:\/\/www.lessmeister.de\/index.php?rest_route=\/wp\/v2\/pages\/40\/revisions\/486"}],"wp:attachment":[{"href":"https:\/\/www.lessmeister.de\/index.php?rest_route=%2Fwp%2Fv2%2Fmedia&parent=40"}],"curies":[{"name":"wp","href":"https:\/\/api.w.org\/{rel}","templated":true}]}}