{"id":52,"date":"2023-04-04T17:52:05","date_gmt":"2023-04-04T15:52:05","guid":{"rendered":"https:\/\/www.lessmeister.de\/?page_id=52"},"modified":"2024-10-17T22:15:49","modified_gmt":"2024-10-17T20:15:49","slug":"it-loesungen-fuer-kleine-und-mittelstaendige-unternehmen","status":"publish","type":"page","link":"https:\/\/www.lessmeister.de\/","title":{"rendered":"Startseite"},"content":{"rendered":"\n<p><\/p>\n\n\n\n<div class=\"wp-block-group has-background\" style=\"background-color:#0b111cc2\"><div class=\"wp-block-group__inner-container is-layout-constrained wp-block-group-is-layout-constrained\">\n<h2 class=\"wp-block-heading has-text-align-center has-large-font-size\" style=\"font-style:normal;font-weight:600\">Smarte IT-L\u00f6sungen f\u00fcr kleine und mittlere Unternehmen <\/h2>\n\n\n\n<div class=\"wp-block-group\"><div class=\"wp-block-group__inner-container is-layout-constrained wp-block-group-is-layout-constrained\">\n<div class=\"wp-block-group\"><div class=\"wp-block-group__inner-container is-layout-constrained wp-block-group-is-layout-constrained\"><div class=\"wp-block-image is-style-default\">\n<figure class=\"alignright size-medium is-resized\"><img loading=\"lazy\" decoding=\"async\" width=\"300\" height=\"300\" src=\"https:\/\/www.lessmeister.de\/wp-content\/uploads\/2023\/04\/Andi567_business_desk_with_notes_papers_and_network_diagrams_fo_dfce3bd0-d7d5-41bc-976f-a97518fea856-300x300.png\" alt=\"\" class=\"wp-image-186\" style=\"width:214px;height:214px\" srcset=\"https:\/\/www.lessmeister.de\/wp-content\/uploads\/2023\/04\/Andi567_business_desk_with_notes_papers_and_network_diagrams_fo_dfce3bd0-d7d5-41bc-976f-a97518fea856-300x300.png 300w, https:\/\/www.lessmeister.de\/wp-content\/uploads\/2023\/04\/Andi567_business_desk_with_notes_papers_and_network_diagrams_fo_dfce3bd0-d7d5-41bc-976f-a97518fea856-150x150.png 150w, https:\/\/www.lessmeister.de\/wp-content\/uploads\/2023\/04\/Andi567_business_desk_with_notes_papers_and_network_diagrams_fo_dfce3bd0-d7d5-41bc-976f-a97518fea856-768x768.png 768w, https:\/\/www.lessmeister.de\/wp-content\/uploads\/2023\/04\/Andi567_business_desk_with_notes_papers_and_network_diagrams_fo_dfce3bd0-d7d5-41bc-976f-a97518fea856.png 1024w\" sizes=\"auto, (max-width: 300px) 100vw, 300px\" \/><\/figure>\n<\/div>\n\n\n<p class=\"has-text-align-center has-neve-text-color-color has-text-color has-medium-font-size\"><strong><mark style=\"background-color:rgba(0, 0, 0, 0)\" class=\"has-inline-color has-neve-link-color-color\">Sie suchen einen Weg aus den steigenden Microsoft-Lizenzgeb\u00fchren?<\/mark><br><\/strong><br><strong><mark style=\"background-color:rgba(0, 0, 0, 0)\" class=\"has-inline-color has-neve-link-color-color\">Sie m\u00f6chten mit Ihren Ressourcen sparsamer umgehen oder sie zum vollen Potenzial nutzen?<\/mark><br><\/strong><br><strong><mark style=\"background-color:rgba(0, 0, 0, 0)\" class=\"has-inline-color has-neve-link-color-color\">Sie m\u00f6chten Ihre Daten im Schutz Ihres eigenen Netzwerks verwalten? <\/mark><br><\/strong><\/p>\n\n\n\n<p class=\"has-text-align-center has-neve-text-color-color has-text-color has-large-font-size\"><br><mark style=\"background-color:rgba(0, 0, 0, 0)\" class=\"has-inline-color has-neve-link-color-color\">Dann plane ich f\u00fcr Sie gerne eine lokale Linux-Server-Infrastruktur mit open source Software!<\/mark><mark style=\"background-color:rgba(0, 0, 0, 0)\" class=\"has-inline-color has-neve-link-hover-color-color\"><br><\/mark><br>Gerne helfe ich Ihnen aber auch bei der Wahl des richtigen Notebooks, beim Erneuern Ihrer IT-Systeme oder berate Sie als unabh\u00e4ngiger Experte bei Ihren Projekten. <br><br>Sie k\u00f6nnen mehr \u00fcber mein Portfolio auf der Seite &#8222;<a href=\"https:\/\/www.lessmeister.de\/?page_id=40\" data-type=\"page\" data-id=\"40\">\u00dcber mich<\/a>&#8220; erfahren oder sich unter &#8222;<a href=\"https:\/\/www.lessmeister.de\/?page_id=14\" data-type=\"page\" data-id=\"14\">Projekte<\/a>&#8220; \u00fcber meine Arbeit informieren.<\/p>\n<\/div><\/div>\n<\/div><\/div>\n<\/div><\/div>\n\n\n\n<div class=\"wp-block-columns is-layout-flex wp-container-core-columns-is-layout-9d6595d7 wp-block-columns-is-layout-flex\">\n<div class=\"wp-block-column is-layout-flow wp-block-column-is-layout-flow\"><\/div>\n\n\n\n<div class=\"wp-block-column is-layout-flow wp-block-column-is-layout-flow\"><\/div>\n\n\n\n<div class=\"wp-block-column is-layout-flow wp-block-column-is-layout-flow\">\n<a href=\"https:\/\/partnernetzwerk.ionos.de\/partner\/alits?origin=PartnerBadge\" rel=\"nofollow\"> <img decoding=\"async\" src=\"https:\/\/images-2.partnerportal.ionos.de\/items\/1fcdc835-0855-4070-b83c-cacc5662c441\/profiles\/0e02bd5f-d889-4c6e-8d5d-8b82889adf64\/badges\/normal_white_eco\" alt=\"IONOS - Offizieller Partner\"> <\/a>\n<\/div>\n<\/div>\n\n\n\n<p><\/p>\n","protected":false},"excerpt":{"rendered":"<p>Smarte IT-L\u00f6sungen f\u00fcr kleine und mittlere Unternehmen Sie suchen einen Weg aus den steigenden Microsoft-Lizenzgeb\u00fchren?Sie m\u00f6chten mit Ihren Ressourcen sparsamer umgehen oder sie zum vollen Potenzial nutzen?Sie m\u00f6chten Ihre Daten im Schutz Ihres eigenen Netzwerks verwalten? Dann plane ich f\u00fcr Sie gerne eine lokale Linux-Server-Infrastruktur mit open source Software!Gerne helfe ich Ihnen aber auch bei&hellip;&nbsp;<a href=\"https:\/\/www.lessmeister.de\/\" rel=\"bookmark\">Weiterlesen &raquo;<span class=\"screen-reader-text\">Startseite<\/span><\/a><\/p>\n","protected":false},"author":1,"featured_media":0,"parent":0,"menu_order":0,"comment_status":"closed","ping_status":"closed","template":"","meta":{"neve_meta_sidebar":"","neve_meta_container":"","neve_meta_enable_content_width":"","neve_meta_content_width":0,"neve_meta_title_alignment":"","neve_meta_author_avatar":"","neve_post_elements_order":"","neve_meta_disable_header":"","neve_meta_disable_footer":"","neve_meta_disable_title":"","footnotes":""},"class_list":["post-52","page","type-page","status-publish","hentry"],"_links":{"self":[{"href":"https:\/\/www.lessmeister.de\/index.php?rest_route=\/wp\/v2\/pages\/52","targetHints":{"allow":["GET"]}}],"collection":[{"href":"https:\/\/www.lessmeister.de\/index.php?rest_route=\/wp\/v2\/pages"}],"about":[{"href":"https:\/\/www.lessmeister.de\/index.php?rest_route=\/wp\/v2\/types\/page"}],"author":[{"embeddable":true,"href":"https:\/\/www.lessmeister.de\/index.php?rest_route=\/wp\/v2\/users\/1"}],"replies":[{"embeddable":true,"href":"https:\/\/www.lessmeister.de\/index.php?rest_route=%2Fwp%2Fv2%2Fcomments&post=52"}],"version-history":[{"count":46,"href":"https:\/\/www.lessmeister.de\/index.php?rest_route=\/wp\/v2\/pages\/52\/revisions"}],"predecessor-version":[{"id":490,"href":"https:\/\/www.lessmeister.de\/index.php?rest_route=\/wp\/v2\/pages\/52\/revisions\/490"}],"wp:attachment":[{"href":"https:\/\/www.lessmeister.de\/index.php?rest_route=%2Fwp%2Fv2%2Fmedia&parent=52"}],"curies":[{"name":"wp","href":"https:\/\/api.w.org\/{rel}","templated":true}]}}